{"id":418,"date":"2020-11-21T13:20:24","date_gmt":"2020-11-21T12:20:24","guid":{"rendered":"https:\/\/feia.ba\/?page_id=418"},"modified":"2023-07-05T12:46:06","modified_gmt":"2023-07-05T10:46:06","slug":"educational-reform-projects","status":"publish","type":"page","link":"https:\/\/feia.ba\/?page_id=418","title":{"rendered":"Educational Reform Projects"},"content":{"rendered":"<p style=\"text-align: justify;\"><strong>TABLA<\/strong><\/p>\n<p style=\"text-align: justify;\">Foundation Education in Action is one of the short-term technical assistance partners of Save the Children (SC), which is the leading and principal of the team working on the General Educational Activity TABLA.<\/p>\n<p style=\"text-align: justify;\">TABLA is based on four key components (STEAM, 4Cs, PPDM, Learning Outcomes) stemming from the need for innovative educational teaching and learning approaches. TABLA embraces a new teaching paradigm while places the student at the center of the teaching process. BiH has historically taught students using lecturing, memorizing and reproduction. In this new paradigm, each student is supported to gain critical knowledge and skills to successfully compete in the 21st Century workforce. Reforms will transform teacher pre-and in-service training by integrating STEAM; Pedagogy, Psychology, Didactics and Teaching Methods (PPDM); Common Core Curriculum (CCC) based on learning outcomes; and build critical competencies such as Critical thinking, Creativity, Communication, and Collaboration (4Cs). TABLA\u2019s strategic approaches will build and strengthen emerging and critical capacities of future and current teachers and educational professionals to better support the education and development of students\u2019 essential knowledge and competencies as they prepare for lives and careers in an increasingly interconnected and digitized world.<\/p>\n<p style=\"text-align: justify;\">The project is funded by USAID.<\/p>\n<p><strong>Preparing future teachers: Educating for Democracy &amp; Human Rights<\/strong><\/p>\n<p style=\"text-align: justify;\">The 3-year regional program aims to enhance the quality of education for future teachers (students and young teachers who are at the beginning of their career) through integration of education for democracy and human rights into initial and in-service teacher training institutions including national education authorities dealing with teacher training in Albania, Montenegro, Kosovo and Bosnia. Special priority will be given to developing strong cooperation ties in the region among participating teacher education institutions with the aim to exchange national \/ regional experiences and discuss problems of common concern as well as develop a more consistent teacher education approach.<\/p>\n\n\n<p><strong>Administrative set-up<\/strong><\/p>\n\n\n\n<p><em>Project Leader\/Facilitator:&nbsp;<\/em><\/p>\n\n\n\n<p>Save the Children for North Western Balkans (SC),&nbsp;<\/p>\n\n\n\n<p><em>PARTNERS:&nbsp;<\/em><\/p>\n\n\n\n<p>National Education Institute Slovenia (NEIS),&nbsp;<\/p>\n\n\n\n<p>Foundation for Education in Action in BiH (FEiA), and&nbsp;<\/p>\n\n\n\n<p>Mre\u017ea za izgradnju mira (MZIM)<\/p>\n\n\n\n<p>ABOUT THE PROJECT:&nbsp;<\/p>\n\n\n\n<p>TABLA is continuation of MEASURE (Monitoring and Evaluation Support) and ENABLE BiH (Enhancing and Advancing Basic Learning and Education in BiH).<\/p>\n\n\n\n<p>The TABLA Project takes an innovative approach to increasing the effectiveness and efficiency of the Bosnian-Herzegovinian (BiH) education system to improve student learning outcomes and equip teachers with the skills to integrate STEM+A and critical thinking into learning environments.&nbsp;<\/p>\n\n\n\n<p>It has 4 parts:<\/p>\n\n\n\n<p><strong>SP<\/strong><strong> 1: Pre-service Teacher Training<\/strong><\/p>\n\n\n\n<p><strong>SP 2: Professional Development &#8211; In-Service Teacher&nbsp; Training<\/strong><\/p>\n\n\n\n<p><strong>SP 3: Ensuring quality learning environment<\/strong><\/p>\n\n\n\n<ul>\n<li>Equipping 100 schools in BiH with STEM labs<\/li>\n<\/ul>\n\n\n\n<p><strong>SP 4: Stimulating Discussion on Education Reform<\/strong><\/p>\n\n\n\n<ul>\n<li>Encourage and support existing reforms<\/li>\n<\/ul>\n\n\n\n<p>The Education in Action Foundation has worked out the first part of the project, Subpurpose 1 \u2013 <strong>Pre-service teacher training<\/strong> and acted as adviser in the second part of the project SP2 \u2013 <strong>In- service teacher training.<\/strong><\/p>\n\n\n\n<p>Our work on the project lasted from February 2020 until July 2022. During that time, leaning on the expertise of the <a href=\"https:\/\/feia.ba\/wp-content\/uploads\/2023\/07\/Radni-tim.pdf\" target=\"_blank\" rel=\"noreferrer noopener\">working team<\/a>, on the starting research, and on discussions during the 92 working sessions, 18 materials were created that can be downloaded from this page.<\/p>\n\n\n\n<p>Materials created are:<\/p>\n\n\n\n<ol>\n<li><a href=\"https:\/\/feia.ba\/wp-content\/uploads\/2023\/07\/01_UVOD-I-REZULTATI-PROJEKTNE-CJELINE-1.pdf\" target=\"_blank\" rel=\"noreferrer noopener\">UVOD I REZULTATI PROJEKTNE CJELINE 1<\/a><\/li>\n<\/ol>\n\n\n\n<ol start=\"2\">\n<li><a href=\"https:\/\/feia.ba\/wp-content\/uploads\/2023\/07\/02_STANDARD-ZANIMANJA-NASTAVNIKA.pdf\" data-type=\"URL\" data-id=\"https:\/\/feia.ba\/wp-content\/uploads\/2023\/07\/02_STANDARD-ZANIMANJA-NASTAVNIKA.pdf\" target=\"_blank\" rel=\"noreferrer noopener\">Standard zanimanja nastavnika<\/a><\/li>\n\n\n\n<li><a href=\"https:\/\/feia.ba\/wp-content\/uploads\/2023\/07\/03_STANDARD-KVALIFIKACIJE-NASTAVNIKA.pdf\">Standard kvalifikacije nastavnika<\/a><\/li>\n\n\n\n<li><a href=\"https:\/\/feia.ba\/wp-content\/uploads\/2023\/07\/04_NASTAVNICKI-MODUL.pdf\" target=\"_blank\" rel=\"noreferrer noopener\">Nastavni\u010dki modul (Zajedni\u010dka jezgra nastavni\u010dkih studijskih programa)<\/a><\/li>\n<\/ol>\n\n\n\n<ol start=\"5\">\n<li><a href=\"https:\/\/feia.ba\/wp-content\/uploads\/2023\/07\/05_RJECNIK-POJMOVA.pdf\" target=\"_blank\" rel=\"noreferrer noopener\">Rje\u010dnik pojmova sadr\u017eanih u dokumentima prvog dijela projekta Inicijalno obrazovanja nastavnika<\/a><\/li>\n\n\n\n<li>\u00a0<a href=\"https:\/\/feia.ba\/wp-content\/uploads\/2023\/07\/06_AKREDITACIJA-STUDIJSKIH-PROGRAMA.pdf\" data-type=\"URL\" data-id=\"https:\/\/feia.ba\/wp-content\/uploads\/2023\/07\/06_AKREDITACIJA-STUDIJSKIH-PROGRAMA.pdf\">Akreditacija studijskih programa u kontekstu implementacije standarda zanimanja\/kvalifikacije <\/a><a href=\"https:\/\/feia.ba\/wp-content\/uploads\/2023\/07\/06_AKREDITACIJA-STUDIJSKIH-PROGRAMA.pdf\" data-type=\"URL\" data-id=\"https:\/\/feia.ba\/wp-content\/uploads\/2023\/07\/06_AKREDITACIJA-STUDIJSKIH-PROGRAMA.pdf\" target=\"_blank\" rel=\"noreferrer noopener\">nastavnika studijske programe nastavni\u010dkog smjera<\/a><\/li>\n\n\n\n<li><a href=\"https:\/\/feia.ba\/wp-content\/uploads\/2023\/07\/07_REZULTATI-I-ANALIZA-ANKETA-ZA-NASTAVNIKE.pdf\" target=\"_blank\" rel=\"noreferrer noopener\">Anketa za nastavnike<\/a><\/li>\n\n\n\n<li><a href=\"https:\/\/feia.ba\/wp-content\/uploads\/2023\/07\/08_KVANTITATIVNA-I-KVALITATIVNA-ANALIZA-NASTAVNICKIH-STUDIJA.pdf\" target=\"_blank\" rel=\"noreferrer noopener\">Kvantitativna i kvalitativna analiza nastavni\u010dkih studija u BiH<\/a><\/li>\n\n\n\n<li><a href=\"https:\/\/feia.ba\/wp-content\/uploads\/2023\/07\/09_RAZVOJ-KOMPETENCIJA-U-OKVIRU-PROJEKTA-TABLA.pdf\" target=\"_blank\" rel=\"noreferrer noopener\">Razvoj kompetencija u okviru projekta TABLA<\/a><\/li>\n\n\n\n<li><a href=\"https:\/\/feia.ba\/wp-content\/uploads\/2023\/07\/10_DIGITALNE-KOMPETENCIJE-NASTAVNIKA.pdf\" target=\"_blank\" rel=\"noreferrer noopener\">Digitalne kompetencije nastavnika<\/a><\/li>\n\n\n\n<li><a href=\"https:\/\/feia.ba\/wp-content\/uploads\/2023\/07\/11_KREATIVNOST-KRITICKO-MISLJENJE.pdf\" target=\"_blank\" rel=\"noreferrer noopener\">Kreativnost, kriti\u010dko mi\u0161ljenje, kolaboracija, komunikacija &#8211; Metode u\u010denja i podu\u010davanja<\/a><\/li>\n\n\n\n<li><a href=\"https:\/\/feia.ba\/wp-content\/uploads\/2023\/07\/12_PRACENJE-I-VREDNOVANJE.pdf\" target=\"_blank\" rel=\"noreferrer noopener\">Pra\u0107enje i vrednovanje u\u010deni\u010dkih postignu\u0107a &#8211; Strategije pra\u0107enja i vrednovanja<\/a><\/li>\n\n\n\n<li><a href=\"https:\/\/feia.ba\/wp-content\/uploads\/2023\/07\/13_METODICKA-PRAKSA-I-PRAKTIKUM-METODICKE-PRAKSE.pdf\" target=\"_blank\" rel=\"noreferrer noopener\">Metodi\u010dka praksa i Dnevnik metodi\u010dke prakse<\/a><\/li>\n\n\n\n<li><a href=\"https:\/\/feia.ba\/wp-content\/uploads\/2023\/07\/14_ALOKACIJA-ECTS-BODOVA.pdf\" target=\"_blank\" rel=\"noreferrer noopener\">Alokacija ECTS bodova<\/a><\/li>\n\n\n\n<li><a href=\"https:\/\/feia.ba\/wp-content\/uploads\/2023\/07\/15_DVOPREDMETNOST-KAO-SPECIFICNOST-NASTAVNICKIH-STUDIJSKIH-PROGRAMA.pdf\" target=\"_blank\" rel=\"noreferrer noopener\">Dvopredmetnost kao specifi\u010dnost studijskih programa nastavni\u010dkog smjera<\/a><\/li>\n\n\n\n<li><a href=\"https:\/\/feia.ba\/wp-content\/uploads\/2023\/07\/16_SISTEM-IZBORNIH-PREDMETA.pdf\" target=\"_blank\" rel=\"noreferrer noopener\">Sistem izbornih predmeta.<\/a><\/li>\n\n\n\n<li><a href=\"https:\/\/feia.ba\/wp-content\/uploads\/2023\/07\/17_INKLUZIJA.pdf\" target=\"_blank\" rel=\"noreferrer noopener\">Inkluzija \u2013 kvalitativna analiza<\/a><\/li>\n<\/ol>\n\n\n\n<ol start=\"18\">\n<li><a href=\"https:\/\/feia.ba\/wp-content\/uploads\/2023\/07\/18_SMJERNICE.pdf\" target=\"_blank\" rel=\"noreferrer noopener\">SMJERNICE ZA IMPLEMENTACIJU STANDARDA ZANIMANJA\/KVALIFIKACIJE NASTAVNIKA U STUDIJSKE PROGRAME NASTAVNI\u010cKOG SMJERA POMO\u0106U DOKUMENATA PROJEKTA TABLA<\/a><\/li>\n<\/ol>\n","protected":false},"excerpt":{"rendered":"<p>TABLA Foundation Education in Action is one of the short-term technical assistance partners of Save the Children (SC), which is the leading and principal of the team working on the General Educational Activity TABLA. TABLA is based on four key components (STEAM, 4Cs, PPDM, Learning Outcomes) stemming from the need for innovative educational teaching and <\/p>\n<div class=\"read-more-text\"><a href=\"https:\/\/feia.ba\/?page_id=418\" class=\"read-more\">continue reading<\/a><\/div>\n","protected":false},"author":1,"featured_media":837,"parent":0,"menu_order":0,"comment_status":"closed","ping_status":"closed","template":"","meta":[],"rise-blocks_excerpt":"TABLA Foundation Education in Action is one of the short-term technical assistance partners of Save the Children (SC), which is the leading and principal of the team working on the General Educational Activity TABLA. TABLA is based on four key components (STEAM, 4Cs, PPDM, Learning Outcomes) stemming from the need for innovative educational teaching and learning approaches. TABLA embraces a..","_links":{"self":[{"href":"https:\/\/feia.ba\/index.php?rest_route=\/wp\/v2\/pages\/418"}],"collection":[{"href":"https:\/\/feia.ba\/index.php?rest_route=\/wp\/v2\/pages"}],"about":[{"href":"https:\/\/feia.ba\/index.php?rest_route=\/wp\/v2\/types\/page"}],"author":[{"embeddable":true,"href":"https:\/\/feia.ba\/index.php?rest_route=\/wp\/v2\/users\/1"}],"replies":[{"embeddable":true,"href":"https:\/\/feia.ba\/index.php?rest_route=%2Fwp%2Fv2%2Fcomments&post=418"}],"version-history":[{"count":5,"href":"https:\/\/feia.ba\/index.php?rest_route=\/wp\/v2\/pages\/418\/revisions"}],"predecessor-version":[{"id":947,"href":"https:\/\/feia.ba\/index.php?rest_route=\/wp\/v2\/pages\/418\/revisions\/947"}],"wp:featuredmedia":[{"embeddable":true,"href":"https:\/\/feia.ba\/index.php?rest_route=\/wp\/v2\/media\/837"}],"wp:attachment":[{"href":"https:\/\/feia.ba\/index.php?rest_route=%2Fwp%2Fv2%2Fmedia&parent=418"}],"curies":[{"name":"wp","href":"https:\/\/api.w.org\/{rel}","templated":true}]}}